{"id":45,"date":"2022-03-07T19:38:21","date_gmt":"2022-03-07T18:38:21","guid":{"rendered":"https:\/\/sklep.tbf.pl\/?post_type=product&#038;p=45"},"modified":"2025-12-31T10:19:35","modified_gmt":"2025-12-31T09:19:35","slug":"szkolenie-okresowe-dla-osob-kierujacych-pracownikami","status":"publish","type":"product","link":"https:\/\/sklep.tbf.pl\/?product=szkolenie-okresowe-dla-osob-kierujacych-pracownikami","title":{"rendered":"SZKOLENIE OKRESOWE BHP DLA PRACODAWC\u00d3W I OS\u00d3B KIERUJ\u0104CYCH PRACOWNIKAMI"},"content":{"rendered":"<p style=\"text-align: left;\"><strong>Szkolenie BHP dla kadry kierowniczej<\/strong> adresowane jest dla os\u00f3b kieruj\u0105cymi pracownikami. Zawiera wiadomo\u015bci z zakresu nadzoru i kontroli nad przestrzeganiem prawa pracy przez pracodawc\u00f3w, organizacji i metodyki szkolenia w zakresie BHP.<\/p>\n<p>Celem szkolenia jest zaktualizowanie i uzupe\u0142nienie wiedzy oraz umiej\u0119tno\u015bci z zakresu:<\/p>\n<ul>\n<li>oceny zagro\u017ce\u0144 wyst\u0119puj\u0105cych w procesach pracy oraz ryzyka\u00a0 zwi\u0105zanego z tymi zagro\u017ceniami,<\/li>\n<li>kszta\u0142towanie bezpiecznych i higienicznych warunk\u00f3w pracy,<\/li>\n<li>ochrony pracownik\u00f3w przed zagro\u017ceniami zwi\u0105zanymi z wykonywan\u0105 prac\u0105.<\/li>\n<\/ul>\n<h1>PROGRAM SZKOLENIA OKRESOWEGO<\/h1>\n<p>pracodawc\u00f3w i innych os\u00f3b kieruj\u0105cych pracownikami<\/p>\n<h1>1. Cel szkolenia<\/h1>\n<ul>\n<li>zaznajomienie pracownik\u00f3w z czynnikami \u015brodowiska pracy mog\u0105cymi powodowa\u0107 zagro\u017cenia dla bezpiecze\u0144stwa i zdrowia pracownik\u00f3w podczas pracy oraz z odpowiednimi \u015brodkami i dzia\u0142aniami zapobiegawczymi;<\/li>\n<li>interpretacja przepis\u00f3w oraz zasad bezpiecze\u0144stwa i higieny pracy w zakresie niezb\u0119dnym do wykonywania i organizowania pracy podleg\u0142ego zespo\u0142u, a tak\u017ce zwi\u0105zanych z prac\u0105 obowi\u0105zk\u00f3w i odpowiedzialno\u015bci w dziedzinie bezpiecze\u0144stwa i higieny pracy;<\/li>\n<li>utrwalenie umiej\u0119tno\u015bci wykonywania pracy w spos\u00f3b bezpieczny dla siebie i innych os\u00f3b, post\u0119powania w sytuacjach awaryjnych oraz udzielenia pomocy osobie, kt\u00f3ra uleg\u0142a wypadkowi.<\/li>\n<\/ul>\n<h1>2. Zakres szkolenia<\/h1>\n<p>Obejmuje zagadnienia zawarte w Ramowym programie szkolenia okresowego pracodawc\u00f3w i innych os\u00f3b kieruj\u0105cych pracownikami tj. Za\u0142\u0105czniku nr 1.IV Rozporz\u0105dzenia Ministra Gospodarki i Pracy\u00a0 z dnia 27 lipca 2004 r. w sprawie szkolenia w dziedzinie bezpiecze\u0144stwa i higieny pracy (Dz.U.Nr 04.180.1860 z p\u00f3\u017an. zm.) .<\/p>\n<h1>3. Uczestnicy szkolenia<\/h1>\n<p>Szkolenie jest przeznaczone jest dla pracodawc\u00f3w i innych os\u00f3b kieruj\u0105cych pracownikami<\/p>\n<h1>4. Spos\u00f3b organizacji szkolenia<\/h1>\n<p>Szkolenie zorganizowane jest w formie samokszta\u0142cenia kierowanego, z oderwaniem od pracy &#8211; na podstawie niniejszego programu szkolenia z wykorzystaniem platformy internetowej, materia\u0142\u00f3w dydaktycznych dostarczonych przez organizatora szkolenia oraz uczestnictwie w konsultacjach.<\/p>\n<p>Miejsce szkolenia \u2013 biuro lub inne pomieszczenia spe\u0142niaj\u0105ce wymogi\u00a0 szkoleniowe .<\/p>\n<h1>5. Sprawdzenie wiadomo\u015bci<\/h1>\n<p>Szkolenie e-learningowe zawiera system test\u00f3w \u00a0kontrolnych w trakcie trwania szkolenia oraz test ko\u0144cowy sprawdzaj\u0105cy stopie\u0144 \u00a0przyswojenia przez uczestnika szkolenia wiedzy w zakresie :<\/p>\n<ul>\n<li>wiadomo\u015bci obj\u0119tych programem szkolenia,<\/li>\n<li>znajomo\u015bci zasad organizowania pracy i stanowisk pracy zgodnie z przepisami i zasadami bezpiecze\u0144stwa i higieny pracy,<\/li>\n<li>zasad udzielania pierwszej pomocy przedmedycznej oraz post\u0119powania na wypadek po\u017caru.<\/li>\n<\/ul>\n<h1>6. Tematy i zagadnienia szkoleniowe<\/h1>\n<p><strong>Temat 1<\/strong>. Istota bezpiecze\u0144stwa i higieny pracy<\/p>\n<p><strong>Temat 2.\u00a0<\/strong> Wybrane\u00a0 regulacje prawne z zakresu prawa pracy dotycz\u0105ce bezpiecze\u0144stwa i higieny pracy:<\/p>\n<p><strong>Temat 3.<\/strong> Analiza okoliczno\u015bci i\u00a0 przyczyn wypadk\u00f3w przy pracy i chor\u00f3b zawodowych oraz zwi\u0105zana z nimi profilaktyka; om\u00f3wienie charakterystycznych wypadk\u00f3w przy pracy, ze szczeg\u00f3lnym uwzgl\u0119dnieniem wypadk\u00f3w powsta\u0142ych na wskutek niew\u0142a\u015bciwej organizacji pracy, oraz zwi\u0105zanej z nimi profilaktyki :<\/p>\n<p><strong>Temat 4.<\/strong> Organizacja i metody kszta\u0142towania bezpiecznych i higienicznych warunk\u00f3w pracy, z uwzgl\u0119dnieniem stanowisk wyposa\u017conych w monitory ekranowe; zarz\u0105dzanie bezpiecze\u0144stwem i higien\u0105 pracy<\/p>\n<p><strong>Temat 5.<\/strong> Czynniki szkodliwe i uci\u0105\u017cliwe \u015brodowiska pracy<\/p>\n<p><strong>Temat 6.<\/strong>\u00a0 Pierwsza pomoc przedmedyczna<\/p>\n<p><strong>Temat 7.<\/strong>\u00a0 Ochrona przeciwpo\u017carowa<\/p>\n<p><strong><em>Finalne sprawdzenie wiadomo\u015bci<\/em><\/strong><\/p>\n<p><em>Na ko\u0144cu szkolenia znajduje si\u0119 TEST KO\u0143COWY zawieraj\u0105cy 20 pyta\u0144. Uzyskanie poprawnych odpowiedzi na poziomie 70% zalicza test.<\/em><\/p>\n<p>&nbsp;<\/p>\n<p>Po pozytywnym uko\u0144czeniu testu ko\u0144cowego, zgodnie z wzorem okre\u015blonym w Rozporz\u0105dzeniu Ministra Gospodarki i Pracy z dnia 27 lipca 2004 r. w sprawie szkolenia w dziedzinie bezpiecze\u0144stwa i higieny pracy, zostanie wystawione &#8222;<strong>Za\u015bwiadczenie o uko\u0144czeniu szkolenia okresowego BHP dla pracodawc\u00f3w i os\u00f3b kieruj\u0105cych pracownikami&#8221;<\/strong>, kt\u00f3re dostarczymy w formie tradycyjnej na wskazany w zam\u00f3wieniu adres do korespondencji.<\/p>\n<p>Dla grup powy\u017cej 5 os\u00f3b zni\u017cka 5%<\/p>\n","protected":false},"excerpt":{"rendered":"<p>Szkolenie BHP dla kadry kierowniczej adresowane jest dla os\u00f3b kieruj\u0105cymi pracownikami. Zawiera wiadomo\u015bci z zakresu nadzoru i kontroli nad przestrzeganiem prawa pracy przez pracodawc\u00f3w, organizacji i metodyki szkolenia w zakresie BHP.<\/p>\n<p>Celem szkolenia jest zaktualizowanie i uzupe\u0142nienie wiedzy oraz umiej\u0119tno\u015bci z zakresu:<br \/>\na) oceny zagro\u017ce\u0144 wyst\u0119puj\u0105cych w procesach pracy oraz ryzyka zwi\u0105zanego z tymi zagro\u017ceniami,<br \/>\nb) kszta\u0142towanie bezpiecznych i higienicznych warunk\u00f3w pracy,<br \/>\nc) ochrony pracownik\u00f3w przed zagro\u017ceniami zwi\u0105zanymi z wykonywan\u0105 prac\u0105.<\/p>\n","protected":false},"featured_media":44,"template":"","meta":{"_acf_changed":false,"_editorskit_title_hidden":false,"_editorskit_reading_time":0,"_editorskit_is_block_options_detached":false,"_editorskit_block_options_position":"{}"},"product_cat":[15],"product_tag":[],"class_list":{"0":"post-45","1":"product","2":"type-product","3":"status-publish","4":"has-post-thumbnail","6":"product_cat-szkolenia-bhp","9":"first","10":"instock","11":"virtual","12":"taxable","13":"purchasable","14":"product-type-simple"},"acf":[],"jetpack_sharing_enabled":true,"_links":{"self":[{"href":"https:\/\/sklep.tbf.pl\/index.php?rest_route=\/wp\/v2\/product\/45","targetHints":{"allow":["GET"]}}],"collection":[{"href":"https:\/\/sklep.tbf.pl\/index.php?rest_route=\/wp\/v2\/product"}],"about":[{"href":"https:\/\/sklep.tbf.pl\/index.php?rest_route=\/wp\/v2\/types\/product"}],"wp:featuredmedia":[{"embeddable":true,"href":"https:\/\/sklep.tbf.pl\/index.php?rest_route=\/wp\/v2\/media\/44"}],"wp:attachment":[{"href":"https:\/\/sklep.tbf.pl\/index.php?rest_route=%2Fwp%2Fv2%2Fmedia&parent=45"}],"wp:term":[{"taxonomy":"product_cat","embeddable":true,"href":"https:\/\/sklep.tbf.pl\/index.php?rest_route=%2Fwp%2Fv2%2Fproduct_cat&post=45"},{"taxonomy":"product_tag","embeddable":true,"href":"https:\/\/sklep.tbf.pl\/index.php?rest_route=%2Fwp%2Fv2%2Fproduct_tag&post=45"}],"curies":[{"name":"wp","href":"https:\/\/api.w.org\/{rel}","templated":true}]}}